{"id":8,"date":"2025-08-30T04:01:33","date_gmt":"2025-08-30T03:01:33","guid":{"rendered":"https:\/\/cap-sofitoul.xpertmf.com\/?page_id=8"},"modified":"2025-08-30T04:01:34","modified_gmt":"2025-08-30T03:01:34","slug":"cap-sofitoul-3-0","status":"publish","type":"page","link":"https:\/\/cap-sofitoul.xpertmf.com\/index.php\/cap-sofitoul-3-0\/","title":{"rendered":"Cap SOFITOUL 3.0"},"content":{"rendered":"\n<div class=\"wp-block-cover alignfull has-accent-1-color has-text-color has-link-color wp-elements-49f0c308214cb57d69491fee7fb6f7b1\" style=\"margin-top:0;margin-bottom:0;padding-top:200px;padding-right:var(--wp--preset--spacing--50);padding-bottom:200px;padding-left:var(--wp--preset--spacing--50);min-height:100vh;aspect-ratio:unset;\"><img loading=\"lazy\" decoding=\"async\" width=\"2560\" height=\"1819\" class=\"wp-block-cover__image-background wp-image-12\" alt=\"Image d\u2019un champ rempli de fleurs, avec un ciel bleu et un arbre.\" src=\"https:\/\/cap-sofitoul.xpertmf.com\/wp-content\/uploads\/2025\/08\/coming-soon-bg-image-scaled.webp\" data-object-fit=\"cover\" srcset=\"https:\/\/cap-sofitoul.xpertmf.com\/wp-content\/uploads\/2025\/08\/coming-soon-bg-image-scaled.webp 2560w, https:\/\/cap-sofitoul.xpertmf.com\/wp-content\/uploads\/2025\/08\/coming-soon-bg-image-300x213.webp 300w, https:\/\/cap-sofitoul.xpertmf.com\/wp-content\/uploads\/2025\/08\/coming-soon-bg-image-1024x727.webp 1024w, https:\/\/cap-sofitoul.xpertmf.com\/wp-content\/uploads\/2025\/08\/coming-soon-bg-image-768x546.webp 768w, https:\/\/cap-sofitoul.xpertmf.com\/wp-content\/uploads\/2025\/08\/coming-soon-bg-image-1536x1091.webp 1536w, https:\/\/cap-sofitoul.xpertmf.com\/wp-content\/uploads\/2025\/08\/coming-soon-bg-image-2048x1455.webp 2048w\" sizes=\"auto, (max-width: 2560px) 100vw, 2560px\" \/><span aria-hidden=\"true\" class=\"wp-block-cover__background has-background-dim-10 has-background-dim\"><\/span><div class=\"wp-block-cover__inner-container has-global-padding is-layout-constrained wp-container-core-cover-is-layout-d47c59a2 wp-block-cover-is-layout-constrained\">\n<div class=\"wp-block-group is-vertical is-content-justification-center is-layout-flex wp-container-core-group-is-layout-ce155fab wp-block-group-is-layout-flex\">\n<h2 class=\"wp-block-heading has-text-align-center is-style-text-annotation is-style-text-annotation--1\">\u00c9v\u00e8nement<\/h2>\n<\/div>\n\n\n\n<h3 class=\"wp-block-heading has-text-align-center has-accent-1-color has-text-color has-link-color has-xx-large-font-size wp-elements-8f9230202b1621f2586346746b324a6f\">Une r\u00e9f\u00e9rence, une \u00e9thique et une ambition, SOFITOUL<\/h3>\n\n\n\n<p class=\"has-base-color has-text-color has-link-color wp-elements-90f3d949b074670c64eb9e70bd4083df\">Abonnez-vous pour \u00eatre inform\u00e9\u00b7en temprs r\u00e9el, vous \u00eates SOFITOUL!<\/p>\n\n\n\n<div class=\"wp-block-buttons is-content-justification-center is-layout-flex wp-container-core-buttons-is-layout-a89b3969 wp-block-buttons-is-layout-flex\">\n<div class=\"wp-block-button is-style-fill\"><a class=\"wp-block-button__link has-contrast-color has-accent-1-background-color has-text-color has-background has-link-color has-border-color has-accent-1-border-color wp-element-button\">S\u2019abonner<\/a><\/div>\n<\/div>\n<\/div><\/div>\n","protected":false},"excerpt":{"rendered":"","protected":false},"author":1,"featured_media":0,"parent":0,"menu_order":0,"comment_status":"closed","ping_status":"closed","template":"","meta":{"_bbp_topic_count":0,"_bbp_reply_count":0,"_bbp_total_topic_count":0,"_bbp_total_reply_count":0,"_bbp_voice_count":0,"_bbp_anonymous_reply_count":0,"_bbp_topic_count_hidden":0,"_bbp_reply_count_hidden":0,"_bbp_forum_subforum_count":0,"footnotes":""},"class_list":["post-8","page","type-page","status-publish","hentry"],"yoast_head":"<!-- This site is optimized with the Yoast SEO plugin v25.8 - https:\/\/yoast.com\/wordpress\/plugins\/seo\/ -->\n<title>Cap SOFITOUL 3.0 - Portail SOFITOUL<\/title>\n<meta name=\"robots\" content=\"index, follow, max-snippet:-1, max-image-preview:large, max-video-preview:-1\" \/>\n<link rel=\"canonical\" href=\"https:\/\/cap-sofitoul.xpertmf.com\/index.php\/cap-sofitoul-3-0\/\" \/>\n<meta property=\"og:locale\" content=\"fr_FR\" \/>\n<meta property=\"og:type\" content=\"article\" \/>\n<meta property=\"og:title\" content=\"Cap SOFITOUL 3.0 - Portail SOFITOUL\" \/>\n<meta property=\"og:url\" content=\"https:\/\/cap-sofitoul.xpertmf.com\/index.php\/cap-sofitoul-3-0\/\" \/>\n<meta property=\"og:site_name\" content=\"Portail SOFITOUL\" \/>\n<meta property=\"article:modified_time\" content=\"2025-08-30T03:01:34+00:00\" \/>\n<meta property=\"og:image\" content=\"https:\/\/cap-sofitoul.xpertmf.com\/wp-content\/uploads\/2025\/08\/coming-soon-bg-image-scaled.webp\" \/>\n\t<meta property=\"og:image:width\" content=\"2560\" \/>\n\t<meta property=\"og:image:height\" content=\"1819\" \/>\n\t<meta property=\"og:image:type\" content=\"image\/webp\" \/>\n<meta name=\"twitter:card\" content=\"summary_large_image\" \/>\n<meta name=\"twitter:label1\" content=\"Dur\u00e9e de lecture estim\u00e9e\" \/>\n\t<meta name=\"twitter:data1\" content=\"1 minute\" \/>\n<script type=\"application\/ld+json\" class=\"yoast-schema-graph\">{\"@context\":\"https:\/\/schema.org\",\"@graph\":[{\"@type\":\"WebPage\",\"@id\":\"https:\/\/cap-sofitoul.xpertmf.com\/index.php\/cap-sofitoul-3-0\/\",\"url\":\"https:\/\/cap-sofitoul.xpertmf.com\/index.php\/cap-sofitoul-3-0\/\",\"name\":\"Cap SOFITOUL 3.0 - Portail SOFITOUL\",\"isPartOf\":{\"@id\":\"https:\/\/cap-sofitoul.xpertmf.com\/#website\"},\"primaryImageOfPage\":{\"@id\":\"https:\/\/cap-sofitoul.xpertmf.com\/index.php\/cap-sofitoul-3-0\/#primaryimage\"},\"image\":{\"@id\":\"https:\/\/cap-sofitoul.xpertmf.com\/index.php\/cap-sofitoul-3-0\/#primaryimage\"},\"thumbnailUrl\":\"https:\/\/cap-sofitoul.xpertmf.com\/wp-content\/uploads\/2025\/08\/coming-soon-bg-image-scaled.webp\",\"datePublished\":\"2025-08-30T03:01:33+00:00\",\"dateModified\":\"2025-08-30T03:01:34+00:00\",\"breadcrumb\":{\"@id\":\"https:\/\/cap-sofitoul.xpertmf.com\/index.php\/cap-sofitoul-3-0\/#breadcrumb\"},\"inLanguage\":\"fr-FR\",\"potentialAction\":[{\"@type\":\"ReadAction\",\"target\":[\"https:\/\/cap-sofitoul.xpertmf.com\/index.php\/cap-sofitoul-3-0\/\"]}]},{\"@type\":\"ImageObject\",\"inLanguage\":\"fr-FR\",\"@id\":\"https:\/\/cap-sofitoul.xpertmf.com\/index.php\/cap-sofitoul-3-0\/#primaryimage\",\"url\":\"https:\/\/cap-sofitoul.xpertmf.com\/wp-content\/uploads\/2025\/08\/coming-soon-bg-image-scaled.webp\",\"contentUrl\":\"https:\/\/cap-sofitoul.xpertmf.com\/wp-content\/uploads\/2025\/08\/coming-soon-bg-image-scaled.webp\",\"width\":2560,\"height\":1819},{\"@type\":\"BreadcrumbList\",\"@id\":\"https:\/\/cap-sofitoul.xpertmf.com\/index.php\/cap-sofitoul-3-0\/#breadcrumb\",\"itemListElement\":[{\"@type\":\"ListItem\",\"position\":1,\"name\":\"Accueil\",\"item\":\"https:\/\/cap-sofitoul.xpertmf.com\/\"},{\"@type\":\"ListItem\",\"position\":2,\"name\":\"Cap SOFITOUL 3.0\"}]},{\"@type\":\"WebSite\",\"@id\":\"https:\/\/cap-sofitoul.xpertmf.com\/#website\",\"url\":\"https:\/\/cap-sofitoul.xpertmf.com\/\",\"name\":\"Portail SOFITOUL\",\"description\":\"CAP SOFITOUL 3.0 &amp; Forum interne\",\"potentialAction\":[{\"@type\":\"SearchAction\",\"target\":{\"@type\":\"EntryPoint\",\"urlTemplate\":\"https:\/\/cap-sofitoul.xpertmf.com\/?s={search_term_string}\"},\"query-input\":{\"@type\":\"PropertyValueSpecification\",\"valueRequired\":true,\"valueName\":\"search_term_string\"}}],\"inLanguage\":\"fr-FR\"}]}<\/script>\n<!-- \/ Yoast SEO plugin. -->","yoast_head_json":{"title":"Cap SOFITOUL 3.0 - Portail SOFITOUL","robots":{"index":"index","follow":"follow","max-snippet":"max-snippet:-1","max-image-preview":"max-image-preview:large","max-video-preview":"max-video-preview:-1"},"canonical":"https:\/\/cap-sofitoul.xpertmf.com\/index.php\/cap-sofitoul-3-0\/","og_locale":"fr_FR","og_type":"article","og_title":"Cap SOFITOUL 3.0 - Portail SOFITOUL","og_url":"https:\/\/cap-sofitoul.xpertmf.com\/index.php\/cap-sofitoul-3-0\/","og_site_name":"Portail SOFITOUL","article_modified_time":"2025-08-30T03:01:34+00:00","og_image":[{"width":2560,"height":1819,"url":"https:\/\/cap-sofitoul.xpertmf.com\/wp-content\/uploads\/2025\/08\/coming-soon-bg-image-scaled.webp","type":"image\/webp"}],"twitter_card":"summary_large_image","twitter_misc":{"Dur\u00e9e de lecture estim\u00e9e":"1 minute"},"schema":{"@context":"https:\/\/schema.org","@graph":[{"@type":"WebPage","@id":"https:\/\/cap-sofitoul.xpertmf.com\/index.php\/cap-sofitoul-3-0\/","url":"https:\/\/cap-sofitoul.xpertmf.com\/index.php\/cap-sofitoul-3-0\/","name":"Cap SOFITOUL 3.0 - Portail SOFITOUL","isPartOf":{"@id":"https:\/\/cap-sofitoul.xpertmf.com\/#website"},"primaryImageOfPage":{"@id":"https:\/\/cap-sofitoul.xpertmf.com\/index.php\/cap-sofitoul-3-0\/#primaryimage"},"image":{"@id":"https:\/\/cap-sofitoul.xpertmf.com\/index.php\/cap-sofitoul-3-0\/#primaryimage"},"thumbnailUrl":"https:\/\/cap-sofitoul.xpertmf.com\/wp-content\/uploads\/2025\/08\/coming-soon-bg-image-scaled.webp","datePublished":"2025-08-30T03:01:33+00:00","dateModified":"2025-08-30T03:01:34+00:00","breadcrumb":{"@id":"https:\/\/cap-sofitoul.xpertmf.com\/index.php\/cap-sofitoul-3-0\/#breadcrumb"},"inLanguage":"fr-FR","potentialAction":[{"@type":"ReadAction","target":["https:\/\/cap-sofitoul.xpertmf.com\/index.php\/cap-sofitoul-3-0\/"]}]},{"@type":"ImageObject","inLanguage":"fr-FR","@id":"https:\/\/cap-sofitoul.xpertmf.com\/index.php\/cap-sofitoul-3-0\/#primaryimage","url":"https:\/\/cap-sofitoul.xpertmf.com\/wp-content\/uploads\/2025\/08\/coming-soon-bg-image-scaled.webp","contentUrl":"https:\/\/cap-sofitoul.xpertmf.com\/wp-content\/uploads\/2025\/08\/coming-soon-bg-image-scaled.webp","width":2560,"height":1819},{"@type":"BreadcrumbList","@id":"https:\/\/cap-sofitoul.xpertmf.com\/index.php\/cap-sofitoul-3-0\/#breadcrumb","itemListElement":[{"@type":"ListItem","position":1,"name":"Accueil","item":"https:\/\/cap-sofitoul.xpertmf.com\/"},{"@type":"ListItem","position":2,"name":"Cap SOFITOUL 3.0"}]},{"@type":"WebSite","@id":"https:\/\/cap-sofitoul.xpertmf.com\/#website","url":"https:\/\/cap-sofitoul.xpertmf.com\/","name":"Portail SOFITOUL","description":"CAP SOFITOUL 3.0 &amp; Forum interne","potentialAction":[{"@type":"SearchAction","target":{"@type":"EntryPoint","urlTemplate":"https:\/\/cap-sofitoul.xpertmf.com\/?s={search_term_string}"},"query-input":{"@type":"PropertyValueSpecification","valueRequired":true,"valueName":"search_term_string"}}],"inLanguage":"fr-FR"}]}},"_links":{"self":[{"href":"https:\/\/cap-sofitoul.xpertmf.com\/index.php\/wp-json\/wp\/v2\/pages\/8","targetHints":{"allow":["GET"]}}],"collection":[{"href":"https:\/\/cap-sofitoul.xpertmf.com\/index.php\/wp-json\/wp\/v2\/pages"}],"about":[{"href":"https:\/\/cap-sofitoul.xpertmf.com\/index.php\/wp-json\/wp\/v2\/types\/page"}],"author":[{"embeddable":true,"href":"https:\/\/cap-sofitoul.xpertmf.com\/index.php\/wp-json\/wp\/v2\/users\/1"}],"replies":[{"embeddable":true,"href":"https:\/\/cap-sofitoul.xpertmf.com\/index.php\/wp-json\/wp\/v2\/comments?post=8"}],"version-history":[{"count":3,"href":"https:\/\/cap-sofitoul.xpertmf.com\/index.php\/wp-json\/wp\/v2\/pages\/8\/revisions"}],"predecessor-version":[{"id":13,"href":"https:\/\/cap-sofitoul.xpertmf.com\/index.php\/wp-json\/wp\/v2\/pages\/8\/revisions\/13"}],"wp:attachment":[{"href":"https:\/\/cap-sofitoul.xpertmf.com\/index.php\/wp-json\/wp\/v2\/media?parent=8"}],"curies":[{"name":"wp","href":"https:\/\/api.w.org\/{rel}","templated":true}]}}